{"id":2558,"date":"2024-01-18T15:03:14","date_gmt":"2024-01-18T15:03:14","guid":{"rendered":"https:\/\/cafedelinfluence.com\/blog\/"},"modified":"2024-04-19T15:27:42","modified_gmt":"2024-04-19T15:27:42","slug":"blog","status":"publish","type":"page","link":"https:\/\/cafedelinfluence.com\/es\/blog\/","title":{"rendered":"Blog"},"content":{"rendered":"\r\n<div id=\"\" class=\"all-blog-articles block\">\r\n\r\n    <div class=\"site_width\">\r\n\r\n        <div class=\"filters\">\r\n            \r\n            <div class=\"mobile_trigger\">Filters<\/div>\r\n\r\n            <div class=\"filter_options\">\r\n\r\n                <a class=\"filter_option active\" href=\"https:\/\/cafedelinfluence.com\/blog\/\">All<\/a>\t\r\n                                    <a class=\"filter_option \" href=\"https:\/\/cafedelinfluence.com\/blog\/?filter=sin-categorizar\">Sin categorizar<\/a>\t\r\n                \r\n            <\/div>\r\n\r\n        <\/div>\r\n\r\n        \r\n        <div class=\"articles\">\r\n\r\n            \r\n                <a class=\"article\" href=\"https:\/\/cafedelinfluence.com\/es\/innovacion-y-networking-en-barcelona\/\">\r\n                    <div class=\"image\" style=\"background: url(https:\/\/cafedelinfluence.com\/wp-content\/uploads\/2024\/04\/evenement-paris-influence-400x267.jpg) no-repeat center; background-size: cover;\"><\/div>\r\n                    <div class=\"text\">\r\n                        <div class=\"artile_title\">Innovaci\u00f3n y networking en Barcelona todo el a\u00f1o a precios reducidos<\/div>\r\n                        <div class=\"article_excerpt\"><p>Impulsa tu creatividad y conecta con l\u00edderes.&nbsp;Es lo que puedes hacer con nuestra nueva suscripci\u00f3n anual del Caf\u00e9 de l&#8217;Influence. En el mundo acelerado de las redes sociales, estar siempre al d\u00eda con las \u00faltimas estrategias y tendencias es crucial para cualquier profesional. Por eso,\u00a0nuestras suscripciones anuales\u00a0est\u00e1n dise\u00f1adas especialmente para que no te pierdas ni [&hellip;]<\/p>\n<\/div>\r\n                        <!-- <div class=\"keep_reading\">Lire la suite <div class=\"arrow\"><\/div><\/div> -->\r\n                    <\/div>\r\n                <\/a>\r\n\r\n                \r\n                <a class=\"article\" href=\"https:\/\/cafedelinfluence.com\/es\/branded-content-inteligencia-artificia\/\">\r\n                    <div class=\"image\" style=\"background: url(https:\/\/cafedelinfluence.com\/wp-content\/uploads\/2024\/04\/evenement-influenceur-2024-400x265.jpg) no-repeat center; background-size: cover;\"><\/div>\r\n                    <div class=\"text\">\r\n                        <div class=\"artile_title\">Branded content, inteligencia artificial, ley de influencers : descubre nuestras charlas<\/div>\r\n                        <div class=\"article_excerpt\"><p>Los afterworks del Caf\u00e9 de l&#8217;Influence en Barcelona ya tienen fecha para todo el a\u00f1o.&nbsp; Como recordatorio, nuestro evento Le Caf\u00e9 de l&#8217;Influence ser\u00e1 tu afterwork mensual para conocer las \u00faltimas tendencias en redes sociales y marketing de influencers.\u00a0Gracias a nuestras conferencias, podr\u00e1s aprender de los mejores expertos, agencias y marcas, y recoger consejos exclusivos [&hellip;]<\/p>\n<\/div>\r\n                        <!-- <div class=\"keep_reading\">Lire la suite <div class=\"arrow\"><\/div><\/div> -->\r\n                    <\/div>\r\n                <\/a>\r\n\r\n                \r\n                <a class=\"article\" href=\"https:\/\/cafedelinfluence.com\/es\/evento-conferencias-networking-marketing-en-barcelona\/\">\r\n                    <div class=\"image\" style=\"background: url(https:\/\/cafedelinfluence.com\/wp-content\/uploads\/2023\/10\/youtube21-400x300.jpg) no-repeat center; background-size: cover;\"><\/div>\r\n                    <div class=\"text\">\r\n                        <div class=\"artile_title\">El Caf\u00e9 de l&#8217;Influence : tu nuevo evento de conferencias y networking de marketing en Barcelona<\/div>\r\n                        <div class=\"article_excerpt\"><p>Este a\u00f1o, El Caf\u00e9 de l&#8217;Influence llega a Barcelona! El evento de networking y conferencias sobre el influencer marketing y las redes sociales contin\u00faa su expansi\u00f3n despu\u00e9s de 2 a\u00f1os en Par\u00eds y llega a una nueva ciudad: Barcelona. A trav\u00e9s de charlas, mesas redondas, y afterworks, El Caf\u00e9 de l&#8217;Influence re\u00fane a profesionales de [&hellip;]<\/p>\n<\/div>\r\n                        <!-- <div class=\"keep_reading\">Lire la suite <div class=\"arrow\"><\/div><\/div> -->\r\n                    <\/div>\r\n                <\/a>\r\n\r\n                \r\n            \r\n        <\/div>\r\n\r\n    <\/div>\r\n\r\n<\/div>","protected":false},"excerpt":{"rendered":"","protected":false},"author":1,"featured_media":0,"parent":0,"menu_order":0,"comment_status":"closed","ping_status":"closed","template":"","meta":{"_acf_changed":false,"inline_featured_image":false,"footnotes":""},"class_list":["post-2558","page","type-page","status-publish","hentry"],"acf":[],"_links":{"self":[{"href":"https:\/\/cafedelinfluence.com\/es\/wp-json\/wp\/v2\/pages\/2558","targetHints":{"allow":["GET"]}}],"collection":[{"href":"https:\/\/cafedelinfluence.com\/es\/wp-json\/wp\/v2\/pages"}],"about":[{"href":"https:\/\/cafedelinfluence.com\/es\/wp-json\/wp\/v2\/types\/page"}],"author":[{"embeddable":true,"href":"https:\/\/cafedelinfluence.com\/es\/wp-json\/wp\/v2\/users\/1"}],"replies":[{"embeddable":true,"href":"https:\/\/cafedelinfluence.com\/es\/wp-json\/wp\/v2\/comments?post=2558"}],"version-history":[{"count":1,"href":"https:\/\/cafedelinfluence.com\/es\/wp-json\/wp\/v2\/pages\/2558\/revisions"}],"predecessor-version":[{"id":2559,"href":"https:\/\/cafedelinfluence.com\/es\/wp-json\/wp\/v2\/pages\/2558\/revisions\/2559"}],"wp:attachment":[{"href":"https:\/\/cafedelinfluence.com\/es\/wp-json\/wp\/v2\/media?parent=2558"}],"curies":[{"name":"wp","href":"https:\/\/api.w.org\/{rel}","templated":true}]}}