{"id":1780,"date":"2023-11-07T14:09:07","date_gmt":"2023-11-07T14:09:07","guid":{"rendered":"https:\/\/cafedelinfluence.com\/cgv\/"},"modified":"2024-01-11T13:28:26","modified_gmt":"2024-01-11T13:28:26","slug":"cgv","status":"publish","type":"page","link":"https:\/\/cafedelinfluence.com\/es\/cgv\/","title":{"rendered":"Condiciones generales de venta"},"content":{"rendered":"\r\n<div id=\"\" class=\"plain-text block\">\r\n\r\n    <div class=\"site_width\">\r\n\r\n        \r\n            <div class=\"title_subtitle_combo\">\r\n                                    <h2 class=\"title\">Condiciones generales de venta<\/h2>\r\n                                            <\/div>\r\n\r\n        \r\n        <div class=\"cols _cols\">\r\n        <p><!-- wp:heading --><\/p>\n<h2 class=\"wp-block-heading\">Objeto<\/h2>\n<p><!-- \/wp:heading --> <!-- wp:paragraph --><\/p>\n<p>Las presentes Condiciones Generales de Venta (CGV) establecen las modalidades contractuales entre las dos sociedades organizadoras, Wise Creative Agency y Les Gens d\u2019Internet, en adelante denominadas colectivamente como \u00abLos Organizadores\u00bb, y cualquier persona que adquiera una entrada para el evento \u00abLe Caf\u00e9 de l&#8217;Influence\u00bb, denominado como \u00abel Evento\u00bb, a trav\u00e9s del sitio web www.cafedelinfluence.com. Estas CGV definen los derechos y obligaciones de todas las partes involucradas, por lo tanto, lea atentamente antes de comprar una entrada para el Evento. Al realizar una compra, acepta cumplir con todos los t\u00e9rminos y condiciones establecidos en este documento.<\/p>\n<p><!-- \/wp:paragraph --> <!-- wp:paragraph --><\/p>\n<p>Los Organizadores son completamente responsables del desarrollo del evento. Las presentes condiciones generales no se refieren a la realizaci\u00f3n del evento en s\u00ed. Los Organizadores pueden a\u00f1adir sus propias condiciones con respecto a la realizaci\u00f3n del evento en un documento que se le presentar\u00e1 a continuaci\u00f3n.<\/p>\n<p><!-- \/wp:paragraph --> <!-- wp:heading --><\/p>\n<h2 class=\"wp-block-heading\"><strong>Descripci\u00f3n del Evento<\/strong><\/h2>\n<p><!-- \/wp:heading --> <!-- wp:paragraph --><\/p>\n<p>Le Caf\u00e9 de l&#8217;Influence es un evento f\u00edsico dedicado a los profesionales del marketing de influencia y de las redes sociales. La ubicaci\u00f3n exacta del evento, as\u00ed como la fecha, var\u00edan de un a\u00f1o a otro, y toda la informaci\u00f3n al respecto se comunica exclusivamente en el sitio web www.cafedelinfluence.com, as\u00ed como en nuestras redes sociales. Le animamos a seguir nuestros canales de comunicaci\u00f3n para mantenerse informado(a) sobre los detalles de cada edici\u00f3n del evento.<\/p>\n<p><!-- \/wp:paragraph --> <!-- wp:heading --><\/p>\n<h2 class=\"wp-block-heading\">Venta de entradas y Modalidades de compra<\/h2>\n<p><!-- \/wp:heading --> <!-- wp:paragraph --><\/p>\n<p>Para la compra de entradas, tenga en cuenta la siguiente informaci\u00f3n:<\/p>\n<p><!-- \/wp:paragraph --> <!-- wp:heading {\"level\":3} --><\/p>\n<h3 class=\"wp-block-heading\">Plataforma de venta<\/h3>\n<p><!-- \/wp:heading --> <!-- wp:paragraph --><\/p>\n<p>Las entradas para el Evento se pueden comprar exclusivamente en l\u00ednea en nuestro sitio web, <a href=\"https:\/\/cafedelinfluence.com\/\" target=\"_new\">www.cafedelinfluence.com<\/a>.<\/p>\n<p><!-- \/wp:paragraph --> <!-- wp:heading {\"level\":3} --><\/p>\n<h3 class=\"wp-block-heading\">Tarifas<\/h3>\n<p><!-- \/wp:heading --> <!-- wp:paragraph --><\/p>\n<p>Los precios de las entradas se muestran en las p\u00e1ginas de venta de cada evento. Le invitamos a consultar estas p\u00e1ginas para conocer los precios actuales.<\/p>\n<p><!-- \/wp:paragraph --> <!-- wp:heading {\"level\":3} --><\/p>\n<h3 class=\"wp-block-heading\">Modalidades de pago<\/h3>\n<p><!-- \/wp:heading --> <!-- wp:paragraph --><\/p>\n<p>La validaci\u00f3n de su pedido implica la obligaci\u00f3n de pagar el monto indicado. Cada pedido solo puede ser pagado mediante un \u00fanico m\u00e9todo de pago.<\/p>\n<p>Usted tiene la posibilidad de realizar el pago de su pedido utilizando una tarjeta bancaria tipo &#8216;Carte Bleue&#8217;, &#8216;VISA&#8217;, &#8216;EUROCARD&#8217;, o &#8216;MASTERCARD&#8217;. El procesamiento de este pago es realizado por nuestro socio bancario, Stripe.<\/p>\n<p>Una vez que la transacci\u00f3n es autorizada por su banco, el monto del pedido ser\u00e1 debitado de su cuenta bancaria. Despu\u00e9s de la transacci\u00f3n, recibir\u00e1 una confirmaci\u00f3n de pedido por correo electr\u00f3nico. Tambi\u00e9n tendr\u00e1 la posibilidad de solicitar una factura escribi\u00e9ndonos a <a target=\"_new\">contact@cafedelinfluence.com<\/a>.<\/p>\n<p>En caso de rechazo de pago por parte de su banco despu\u00e9s de la emisi\u00f3n de su entrada o de su pedido, \u00e9ste o \u00e9sta se considerar\u00e1 no v\u00e1lido, lo que resultar\u00e1 en la imposibilidad de acceder al Evento.<\/p>\n<p><!-- \/wp:paragraph --> <!-- wp:heading {\"level\":3} --><\/p>\n<h3 class=\"wp-block-heading\">Pol\u00edtica de reembolso<\/h3>\n<p><!-- \/wp:heading --> <!-- wp:paragraph --><\/p>\n<p>Una vez comprada su entrada, tenga en cuenta que no es posible ning\u00fan reembolso de las entradas, excepto en caso de cancelaci\u00f3n del Evento. Esta pol\u00edtica est\u00e1 especificada en la p\u00e1gina de venta de entradas y constituye una condici\u00f3n de su compra.<\/p>\n<p><!-- \/wp:paragraph --> <!-- wp:heading {\"level\":3} --><\/p>\n<h3 class=\"wp-block-heading\">Aplazamiento del Evento<\/h3>\n<p><!-- \/wp:heading --> <!-- wp:paragraph --><\/p>\n<p>En caso de aplazamiento del Evento, los Organizadores le propondr\u00e1n una nueva fecha. Si la fecha de aplazamiento no se ajusta a su agenda, tambi\u00e9n tendr\u00e1 la posibilidad de solicitar un reembolso de su entrada.<\/p>\n<p><!-- \/wp:paragraph --> <!-- wp:heading {\"level\":3} --><\/p>\n<h3 class=\"wp-block-heading\">Compra de pases m\u00faltiples<\/h3>\n<p><!-- \/wp:heading --> <!-- wp:paragraph --><\/p>\n<p>Cuando compre entradas para varios participantes, proporcione los nombres de todos los participantes para los que desea obtener credenciales en su pedido. Las credenciales se entregar\u00e1n en el lugar del Evento.<\/p>\n<p><!-- \/wp:paragraph --> <!-- wp:heading {\"level\":3} --><\/p>\n<h3 class=\"wp-block-heading\">Confirmaci\u00f3n de compra<\/h3>\n<p><!-- \/wp:heading --> <!-- wp:paragraph --><\/p>\n<p>Despu\u00e9s de la compra de entradas, se le enviar\u00e1 una confirmaci\u00f3n de su compra por correo electr\u00f3nico. Esta confirmaci\u00f3n contendr\u00e1 los detalles de su pedido, as\u00ed como toda la informaci\u00f3n necesaria para su participaci\u00f3n en el evento.<\/p>\n<p><!-- \/wp:paragraph --> <!-- wp:heading --><\/p>\n<h2 class=\"wp-block-heading\">Condiciones de acceso al Evento<\/h2>\n<p><!-- \/wp:heading --> <!-- wp:paragraph --><\/p>\n<p>El acceso al evento se realizar\u00e1 presentando el correo electr\u00f3nico de confirmaci\u00f3n de compra o mencionando su nombre y apellido. Se le puede solicitar una identificaci\u00f3n para confirmar esto. En caso de compra de un pase de estudiante, se requiere una prueba v\u00e1lida para mostrar el d\u00eda del evento para beneficiarse de esta tarifa.<\/p>\n<p><!-- \/wp:paragraph --> <!-- wp:paragraph --><\/p>\n<p>Todos los pases ser\u00e1n entregados el d\u00eda del evento durante la primera entrada al mismo. Ning\u00fan distintivo ser\u00e1 enviado por correo electr\u00f3nico o postal antes del inicio del Evento.<\/p>\n<p><!-- \/wp:paragraph --> <!-- wp:heading --><\/p>\n<h2 class=\"wp-block-heading\"><strong>Derechos de imagen<\/strong><\/h2>\n<p><!-- \/wp:heading --> <!-- wp:paragraph --><\/p>\n<p>Durante el evento, tenga en cuenta que se podr\u00e1n realizar fotos, grabaciones de audio y video con fines de comunicaci\u00f3n, promoci\u00f3n y documentaci\u00f3n. Al asistir al evento, los compradores de entradas consienten ser fotografiados o filmados y aparecer en dichas im\u00e1genes, que podr\u00e1n ser utilizadas por los organizadores o sus socios en el marco de la promoci\u00f3n del evento.<\/p>\n<p><!-- \/wp:paragraph --> <!-- wp:paragraph --><\/p>\n<p>Si por alguna raz\u00f3n no desea ser fotografiado(a) o filmado(a) durante el evento, por favor cont\u00e1ctenos en <a href=\"mailto:contact@cafedelinfluence.com\">contact@cafedelinfluence.com<\/a> antes del evento o informe al personal presente el d\u00eda del evento, para que se puedan tomar las disposiciones adecuadas y respetar su preferencia. Nos esforzaremos por atender sus solicitudes en la medida de lo posible.<\/p>\n<p><!-- \/wp:paragraph --> <!-- wp:heading --><\/p>\n<h2 class=\"wp-block-heading\">Confidencialidad<\/h2>\n<p><!-- \/wp:heading --> <!-- wp:paragraph --><\/p>\n<p>Los Organizadores del Evento se comprometen a respetar las normas de protecci\u00f3n de datos personales de acuerdo con la legislaci\u00f3n aplicable, en particular el Reglamento General de Protecci\u00f3n de Datos (RGPD). Por lo tanto, al comprar entradas para el Evento, cada participante consiente autom\u00e1ticamente en ser inscrito en nuestras listas de correos electr\u00f3nicos comerciales, as\u00ed como en las listas de nuestros socios asociados al evento.<\/p>\n<p><!-- \/wp:paragraph --> <!-- wp:paragraph --><\/p>\n<p>Utilizamos esta informaci\u00f3n para comunicar datos relevantes relacionados con nuestro evento, nuestros servicios y otras actividades relacionadas. Sin embargo, respetamos su derecho de retractaci\u00f3n.<\/p>\n<p><!-- \/wp:paragraph --> <!-- wp:paragraph --><\/p>\n<p>Usted tiene derecho permanente de acceso y rectificaci\u00f3n sobre todos los datos personales que le conciernen, de acuerdo con los textos europeos y las leyes nacionales vigentes. Solo tiene que hacer la solicitud por correo electr\u00f3nico (<a href=\"mailto:contact@cafedelinfluence.com\">contact@cafedelinfluence.com<\/a>). Al realizar su pedido, deber\u00e1 proporcionar informaci\u00f3n personal sobre su identidad y la de los Participantes. La informaci\u00f3n necesaria para procesar el pedido por parte de la Billetter\u00eda incluye: nombre, apellido y direcci\u00f3n de correo electr\u00f3nico del Comprador. Esta informaci\u00f3n tambi\u00e9n puede ser utilizada por Le Caf\u00e9 de l\u2019Influence para contactarlo en caso de problemas con el procesamiento de su pedido.<\/p>\n<p><!-- \/wp:paragraph --> <!-- wp:paragraph --><\/p>\n<p>Cada correo electr\u00f3nico que reciba de nuestra parte contendr\u00e1 un enlace de cancelaci\u00f3n de suscripci\u00f3n, permiti\u00e9ndole gestionar sus preferencias de comunicaci\u00f3n f\u00e1cilmente. Si desea ejercer su derecho de retractaci\u00f3n o tiene preguntas sobre nuestra pol\u00edtica de confidencialidad, no dude en contactarnos en <a href=\"mailto:contact@cafedelinfluence.com\">contact@cafedelinfluence.com<\/a>.<\/p>\n<p><!-- \/wp:paragraph --> <!-- wp:heading --><\/p>\n<h2 class=\"wp-block-heading\"><strong>Modificaci\u00f3n de las CGV<\/strong><\/h2>\n<p><!-- \/wp:heading --> <!-- wp:paragraph --><\/p>\n<p>Las Condiciones Generales de Venta (CGV) pueden estar sujetas a modificaciones por parte de los organizadores de \u00abLe Caf\u00e9 de l\u2019Influence\u00bb. Estos cambios pueden realizarse por diversas razones, incluyendo el cumplimiento de nuevas regulaciones o para mejorar la experiencia de los participantes.<\/p>\n<p><!-- \/wp:paragraph --> <!-- wp:paragraph --><\/p>\n<p>Cualquier modificaci\u00f3n de las CGV ser\u00e1 notificada a los participantes de manera adecuada. Los participantes ser\u00e1n informados de las modificaciones a trav\u00e9s de medios de comunicaci\u00f3n como la publicaci\u00f3n en el sitio web www.cafedelinfluence.com, el env\u00edo de correos electr\u00f3nicos u otros m\u00e9todos de comunicaci\u00f3n en l\u00ednea. Animamos a todos los participantes a revisar regularmente las CGV para mantenerse informados de las \u00faltimas actualizaciones. Al continuar participando en el Evento despu\u00e9s de la publicaci\u00f3n de modificaciones, los participantes aceptan las CGV actualizadas. Si no acepta estas modificaciones, por favor no contin\u00fae utilizando nuestros servicios. Su uso continuado de nuestros servicios despu\u00e9s de la publicaci\u00f3n de modificaciones implica que acepta dichos cambios.<\/p>\n<p><!-- \/wp:paragraph --><\/p>\n        <\/div>\r\n\r\n                \r\n    <\/div>\r\n\r\n<\/div>","protected":false},"excerpt":{"rendered":"","protected":false},"author":1,"featured_media":0,"parent":0,"menu_order":0,"comment_status":"closed","ping_status":"closed","template":"","meta":{"_acf_changed":false,"inline_featured_image":false,"footnotes":""},"class_list":["post-1780","page","type-page","status-publish","hentry"],"acf":[],"_links":{"self":[{"href":"https:\/\/cafedelinfluence.com\/es\/wp-json\/wp\/v2\/pages\/1780","targetHints":{"allow":["GET"]}}],"collection":[{"href":"https:\/\/cafedelinfluence.com\/es\/wp-json\/wp\/v2\/pages"}],"about":[{"href":"https:\/\/cafedelinfluence.com\/es\/wp-json\/wp\/v2\/types\/page"}],"author":[{"embeddable":true,"href":"https:\/\/cafedelinfluence.com\/es\/wp-json\/wp\/v2\/users\/1"}],"replies":[{"embeddable":true,"href":"https:\/\/cafedelinfluence.com\/es\/wp-json\/wp\/v2\/comments?post=1780"}],"version-history":[{"count":5,"href":"https:\/\/cafedelinfluence.com\/es\/wp-json\/wp\/v2\/pages\/1780\/revisions"}],"predecessor-version":[{"id":1786,"href":"https:\/\/cafedelinfluence.com\/es\/wp-json\/wp\/v2\/pages\/1780\/revisions\/1786"}],"wp:attachment":[{"href":"https:\/\/cafedelinfluence.com\/es\/wp-json\/wp\/v2\/media?parent=1780"}],"curies":[{"name":"wp","href":"https:\/\/api.w.org\/{rel}","templated":true}]}}