{"id":1601,"date":"2023-10-18T14:21:22","date_gmt":"2023-10-18T14:21:22","guid":{"rendered":"https:\/\/cafedelinfluence.com\/a-propos\/"},"modified":"2024-01-05T14:37:36","modified_gmt":"2024-01-05T14:37:36","slug":"sobre-nosotros","status":"publish","type":"page","link":"https:\/\/cafedelinfluence.com\/es\/sobre-nosotros\/","title":{"rendered":"Sobre nosotros"},"content":{"rendered":"\r\n<div id=\"\" class=\"hero-banner-50-50 red_ctas block\">\r\n\r\n    <div class=\"site_width\">\r\n\r\n        <div class=\"columns\">\r\n\r\n                            <div class=\"text\">\r\n\r\n                    <div class=\"text_width\">\r\n\r\n                        <h1>El lugar de encuentro para los <strong>profesionales del influence marketing y redes sociales<\/strong><\/h1>\n<p>\u00danete a las mejores agencias del sector y conozce a los mayores creadores de contenidos durante 2 d\u00edas completos de eventos.<\/p>\n<p>En el Caf\u00e9 de l&#8217;Influence, todos los actores de la Creator Economy se re\u00fanen y trabajan juntos para construir el influence marketing del ma\u00f1ana.<\/p>\n                        \r\n                        <div class=\"social_proof\">\r\n                            <div class=\"members\">\r\n                                                            <\/div>\r\n                            <div class=\"social_proof_text\">\r\n                                <a href=\"\">\r\n                                    <div class=\"stars\">\r\n                                        <img decoding=\"async\" class=\"base\" src=\"https:\/\/cafedelinfluence.com\/wp-content\/uploads\/2024\/04\/stars_base.svg\">\r\n                                        <div class=\"given four_point_five\"><img decoding=\"async\" src=\"https:\/\/cafedelinfluence.com\/wp-content\/uploads\/2024\/04\/stars_given.svg\"><\/div>\r\n                                    <\/div>\r\n                                                                    <\/a>\r\n                            <\/div>\r\n                        <\/div>\r\n\r\n                    <\/div>\r\n\r\n                <\/div>\r\n            \r\n                            <div class=\"images\">\r\n                                            <div class=\"image\"><img decoding=\"async\" src=\"https:\/\/cafedelinfluence.com\/wp-content\/uploads\/2023\/06\/IMG_9568-400x600.jpg\"  srcset=\"https:\/\/cafedelinfluence.com\/wp-content\/uploads\/2023\/06\/IMG_9568-267x400.jpg 267w, https:\/\/cafedelinfluence.com\/wp-content\/uploads\/2023\/06\/IMG_9568-800x1200.jpg 800w, https:\/\/cafedelinfluence.com\/wp-content\/uploads\/2023\/06\/IMG_9568-768x1152.jpg 768w, https:\/\/cafedelinfluence.com\/wp-content\/uploads\/2023\/06\/IMG_9568-1024x1536.jpg 1024w, https:\/\/cafedelinfluence.com\/wp-content\/uploads\/2023\/06\/IMG_9568-1365x2048.jpg 1365w, https:\/\/cafedelinfluence.com\/wp-content\/uploads\/2023\/06\/IMG_9568-1920x2880.jpg 1920w, https:\/\/cafedelinfluence.com\/wp-content\/uploads\/2023\/06\/IMG_9568-400x600.jpg 400w, https:\/\/cafedelinfluence.com\/wp-content\/uploads\/2023\/06\/IMG_9568-600x900.jpg 600w\" sizes=\"(min-width: 1800px) 600px, (min-width: 1300px) 300px, 150px\"><\/div>\r\n                                            <div class=\"image\"><img decoding=\"async\" src=\"https:\/\/cafedelinfluence.com\/wp-content\/uploads\/2023\/06\/IMG_9567-600x397.jpg\"  srcset=\"https:\/\/cafedelinfluence.com\/wp-content\/uploads\/2023\/06\/IMG_9567-400x265.jpg 400w, https:\/\/cafedelinfluence.com\/wp-content\/uploads\/2023\/06\/IMG_9567-1200x794.jpg 1200w, https:\/\/cafedelinfluence.com\/wp-content\/uploads\/2023\/06\/IMG_9567-768x508.jpg 768w, https:\/\/cafedelinfluence.com\/wp-content\/uploads\/2023\/06\/IMG_9567-1536x1016.jpg 1536w, https:\/\/cafedelinfluence.com\/wp-content\/uploads\/2023\/06\/IMG_9567-2048x1354.jpg 2048w, https:\/\/cafedelinfluence.com\/wp-content\/uploads\/2023\/06\/IMG_9567-1920x1270.jpg 1920w, https:\/\/cafedelinfluence.com\/wp-content\/uploads\/2023\/06\/IMG_9567-600x397.jpg 600w\" sizes=\"(min-width: 1800px) 600px, (min-width: 1300px) 300px, 150px\"><\/div>\r\n                                            <div class=\"image\"><img decoding=\"async\" src=\"https:\/\/cafedelinfluence.com\/wp-content\/uploads\/2023\/06\/IMG_9616-600x400.jpg\"  srcset=\"https:\/\/cafedelinfluence.com\/wp-content\/uploads\/2023\/06\/IMG_9616-400x267.jpg 400w, https:\/\/cafedelinfluence.com\/wp-content\/uploads\/2023\/06\/IMG_9616-1200x800.jpg 1200w, https:\/\/cafedelinfluence.com\/wp-content\/uploads\/2023\/06\/IMG_9616-768x512.jpg 768w, https:\/\/cafedelinfluence.com\/wp-content\/uploads\/2023\/06\/IMG_9616-1536x1024.jpg 1536w, https:\/\/cafedelinfluence.com\/wp-content\/uploads\/2023\/06\/IMG_9616-2048x1365.jpg 2048w, https:\/\/cafedelinfluence.com\/wp-content\/uploads\/2023\/06\/IMG_9616-1920x1280.jpg 1920w, https:\/\/cafedelinfluence.com\/wp-content\/uploads\/2023\/06\/IMG_9616-600x400.jpg 600w\" sizes=\"(min-width: 1800px) 600px, (min-width: 1300px) 300px, 150px\"><\/div>\r\n                                            <div class=\"image\"><img decoding=\"async\" src=\"https:\/\/cafedelinfluence.com\/wp-content\/uploads\/2023\/10\/pMlC5m65KC5fssIrJACjPzVJPRbzvFr4DMnOGYvq-600x450.jpeg\"  srcset=\"https:\/\/cafedelinfluence.com\/wp-content\/uploads\/2023\/10\/pMlC5m65KC5fssIrJACjPzVJPRbzvFr4DMnOGYvq-400x300.jpeg 400w, https:\/\/cafedelinfluence.com\/wp-content\/uploads\/2023\/10\/pMlC5m65KC5fssIrJACjPzVJPRbzvFr4DMnOGYvq-1200x900.jpeg 1200w, https:\/\/cafedelinfluence.com\/wp-content\/uploads\/2023\/10\/pMlC5m65KC5fssIrJACjPzVJPRbzvFr4DMnOGYvq-768x576.jpeg 768w, https:\/\/cafedelinfluence.com\/wp-content\/uploads\/2023\/10\/pMlC5m65KC5fssIrJACjPzVJPRbzvFr4DMnOGYvq-1536x1152.jpeg 1536w, https:\/\/cafedelinfluence.com\/wp-content\/uploads\/2023\/10\/pMlC5m65KC5fssIrJACjPzVJPRbzvFr4DMnOGYvq-2048x1536.jpeg 2048w, https:\/\/cafedelinfluence.com\/wp-content\/uploads\/2023\/10\/pMlC5m65KC5fssIrJACjPzVJPRbzvFr4DMnOGYvq-1920x1440.jpeg 1920w, https:\/\/cafedelinfluence.com\/wp-content\/uploads\/2023\/10\/pMlC5m65KC5fssIrJACjPzVJPRbzvFr4DMnOGYvq-600x450.jpeg 600w\" sizes=\"(min-width: 1800px) 600px, (min-width: 1300px) 300px, 150px\"><\/div>\r\n                                            <div class=\"image\"><img decoding=\"async\" src=\"https:\/\/cafedelinfluence.com\/wp-content\/uploads\/2023\/10\/ugc-jordan-2_1_-600x450.jpeg\"  srcset=\"https:\/\/cafedelinfluence.com\/wp-content\/uploads\/2023\/10\/ugc-jordan-2_1_-400x300.jpeg 400w, https:\/\/cafedelinfluence.com\/wp-content\/uploads\/2023\/10\/ugc-jordan-2_1_-1200x900.jpeg 1200w, https:\/\/cafedelinfluence.com\/wp-content\/uploads\/2023\/10\/ugc-jordan-2_1_-768x576.jpeg 768w, https:\/\/cafedelinfluence.com\/wp-content\/uploads\/2023\/10\/ugc-jordan-2_1_-1536x1152.jpeg 1536w, https:\/\/cafedelinfluence.com\/wp-content\/uploads\/2023\/10\/ugc-jordan-2_1_-2048x1536.jpeg 2048w, https:\/\/cafedelinfluence.com\/wp-content\/uploads\/2023\/10\/ugc-jordan-2_1_-1920x1440.jpeg 1920w, https:\/\/cafedelinfluence.com\/wp-content\/uploads\/2023\/10\/ugc-jordan-2_1_-600x450.jpeg 600w\" sizes=\"(min-width: 1800px) 600px, (min-width: 1300px) 300px, 150px\"><\/div>\r\n                                            <div class=\"image\"><img decoding=\"async\" src=\"https:\/\/cafedelinfluence.com\/wp-content\/uploads\/2023\/10\/pinterest-2-600x450.jpeg\"  srcset=\"https:\/\/cafedelinfluence.com\/wp-content\/uploads\/2023\/10\/pinterest-2-400x300.jpeg 400w, https:\/\/cafedelinfluence.com\/wp-content\/uploads\/2023\/10\/pinterest-2-1200x900.jpeg 1200w, https:\/\/cafedelinfluence.com\/wp-content\/uploads\/2023\/10\/pinterest-2-768x576.jpeg 768w, https:\/\/cafedelinfluence.com\/wp-content\/uploads\/2023\/10\/pinterest-2-1536x1152.jpeg 1536w, https:\/\/cafedelinfluence.com\/wp-content\/uploads\/2023\/10\/pinterest-2-2048x1536.jpeg 2048w, https:\/\/cafedelinfluence.com\/wp-content\/uploads\/2023\/10\/pinterest-2-1920x1440.jpeg 1920w, https:\/\/cafedelinfluence.com\/wp-content\/uploads\/2023\/10\/pinterest-2-600x450.jpeg 600w\" sizes=\"(min-width: 1800px) 600px, (min-width: 1300px) 300px, 150px\"><\/div>\r\n                                    <\/div>\r\n            \r\n        <\/div>\r\n        \r\n    <\/div>\r\n\r\n<\/div>\n\n\r\n<div id=\"\" class=\"featured-horizontal block\">\r\n\r\n    <div class=\"site_width\">\r\n\r\n        \r\n                    <div class=\"columns\">\r\n                \r\n                    <div class=\"column\">\r\n                                                    <img loading=\"lazy\" decoding=\"async\" width=\"150\" height=\"150\" src=\"https:\/\/cafedelinfluence.com\/wp-content\/uploads\/2023\/08\/noun-calendar-4525440-FFBD59.svg\" class=\"attachment-thumbnail size-thumbnail\" alt=\"\" \/>                                                                            <div class=\"title\">Proximas fechas en 2024<\/div>\r\n                                                                                                                    <\/div>\r\n\r\n                \r\n                    <div class=\"column\">\r\n                                                    <img loading=\"lazy\" decoding=\"async\" width=\"150\" height=\"150\" src=\"https:\/\/cafedelinfluence.com\/wp-content\/uploads\/2023\/08\/noun-paris-2471225-FFBD59-1.svg\" class=\"attachment-thumbnail size-thumbnail\" alt=\"\" \/>                                                                            <div class=\"title\">En Barcelona y Par\u00eds<\/div>\r\n                                                                                                                    <\/div>\r\n\r\n                \r\n                    <div class=\"column\">\r\n                                                    <img loading=\"lazy\" decoding=\"async\" width=\"150\" height=\"150\" src=\"https:\/\/cafedelinfluence.com\/wp-content\/uploads\/2023\/08\/noun-conference-2212784-FFBD59.svg\" class=\"attachment-thumbnail size-thumbnail\" alt=\"\" \/>                                                                            <div class=\"title\">+20 conferencias<br>talleres y debates<\/div>\r\n                                                                                                                    <\/div>\r\n\r\n                            <\/div>\r\n                \r\n    <\/div>\r\n\r\n<\/div>\n\n\r\n<div id=\"\" class=\"plain-text block\">\r\n\r\n    <div class=\"site_width\">\r\n\r\n        \r\n            <div class=\"title_subtitle_combo\">\r\n                                    <h2 class=\"title\">El evento B2B l\u00edder en el influence marketing y RRSS<\/h2>\r\n                                            <\/div>\r\n\r\n        \r\n        <div class=\"cols _cols\">\r\n        <p style=\"text-align: center;\" align=\"center\"><strong>El Caf\u00e9 de l&#8217;Influence es el \u00fanico evento B2B dedicado a los profesionales del influence marketing y las redes sociales. <\/strong><\/p>\n<p style=\"text-align: center;\" align=\"center\">Este evento de <strong>networking y conferencias<\/strong> te da la oportunidad de conectar con profesionales del sector y aprender m\u00e1s sobre la creaci\u00f3n de contenidos en las redes sociales y el marketing de influencers.<\/p>\n<p style=\"text-align: center;\" align=\"center\">El evento est\u00e1 <strong>dirigido a empresas y agencias<\/strong> que deseen descubrir las \u00faltimas tendencias del sector, estar al d\u00eda en materia de legislaci\u00f3n o conocer a profesionales con los que colaborar.<\/p>\n<p style=\"text-align: center;\" align=\"center\">El Caf\u00e9 de l&#8217;Influence tambi\u00e9n est\u00e1 dirigido <strong>a creadores de contenidos<\/strong> que deseen profesionalizarse, mejorar su creaci\u00f3n de contenidos y conocer agencias o futuros socios.<\/p>\n<p style=\"text-align: center;\" align=\"center\">Con m\u00e1s de 3 eventos hasta la fecha y 12 eventos programado, El Caf\u00e9 de l&#8217;Influence es el evento l\u00edder en este sector.<\/p>\n        <\/div>\r\n\r\n                    <div class=\"cta_container\">\r\n                <a class=\"cta_button\" href=\"https:\/\/cafedelinfluence.com\/es\/octubre-2023\/\">\r\n                    Descubre nuestro \u00faltimo evento                <\/a>\r\n            <\/div>\r\n                \r\n    <\/div>\r\n\r\n<\/div>\n\n\r\n<div id=\"\" class=\"speakers block\">\r\n\r\n    <div class=\"site_width\">\r\n\r\n        \r\n            <div class=\"title_subtitle_combo\">\r\n                                    <h2 class=\"title\">\u00bfQui\u00e9n est\u00e1 detr\u00e1s del Caf\u00e9 de l&#8217;Influence?<\/h2>\r\n                                                    <div class=\"subtitle\">Acerca de las organizadoras<\/div>\r\n                            <\/div>\r\n\r\n        \r\n                    <div class=\"all_speakers\">\r\n                \r\n                    <div class=\"single_speaker\">\r\n                        <div class=\"portrait\">\r\n                            <img decoding=\"async\" src=\"https:\/\/cafedelinfluence.com\/wp-content\/uploads\/2022\/06\/myriam-roche-1-400x400.jpg\" alt=\"Myriam Roche\">\r\n                        <\/div>\r\n                        <div class=\"name\">Myriam Roche<\/div>\r\n                        <div class=\"subtitle\">Fundadora del medio de comunicaci\u00f3n B2B Les Gens d&#8217;Internet<\/div>\r\n                    <\/div>\r\n\r\n                \r\n                    <div class=\"single_speaker\">\r\n                        <div class=\"portrait\">\r\n                            <img decoding=\"async\" src=\"https:\/\/cafedelinfluence.com\/wp-content\/uploads\/2022\/06\/PB_1914-267x400.jpg\" alt=\"Estelle Ducommun\">\r\n                        <\/div>\r\n                        <div class=\"name\">Estelle Ducommun<\/div>\r\n                        <div class=\"subtitle\">Co-fundadora de la agencia Wise Creative Agency<\/div>\r\n                    <\/div>\r\n\r\n                            <\/div>\r\n        \r\n                    <div class=\"cta_container\">\r\n                <a class=\"cta_button\" href=\"mailto:contact@cafedelinfluence.com\">\r\n                    <span class=\"anchor\">Contactarnos<\/span>\r\n                <\/a>\r\n            <\/div>\r\n                \r\n    <\/div>\r\n\r\n<\/div>\n\n\r\n<div id=\"\" class=\"plain-text block\">\r\n\r\n    <div class=\"site_width\">\r\n\r\n        \r\n        <div class=\"cols _cols\">\r\n        <p style=\"text-align: center;\" align=\"center\">Le Caf\u00e9 de l&#8217;Influence fue creado por Myriam Roche y Estelle Ducommun.<\/p>\n<p style=\"text-align: center;\" align=\"center\"><strong>Una es fundadora de <a href=\"https:\/\/gensdinternet.fr\/\">su propio medio B2B<\/a> sobre el influence marketing y las RRSS, mientras que la otra dirige su propia <a href=\"https:\/\/wisecreativeagency.com\/\">agencia web y creativa<\/a>.<\/strong> Juntas, han puesto en com\u00fan sus conocimientos sobre el sector para crear un evento personal, cercano y ambicioso.<\/p>\n<p style=\"text-align: center;\" align=\"center\">El objetivo del Influence Caf\u00e9 es reunir a los profesionales del sector y ofrecerles un lugar donde escuchar, intercambiar ideas y aprender los unos de otros para abordar sus problemas m\u00e1s comunes.<\/p>\n<p style=\"text-align: center;\" align=\"center\">Descodificar, aprender, inspirarse, debatir, reunirse y establecer contactos con los actores clave del mercado: estas son las ambiciones del Caf\u00e9 de l&#8217;Influence para los profesionales de las RRSS y del influence marketing.<\/p>\n        <\/div>\r\n\r\n                \r\n    <\/div>\r\n\r\n<\/div>\n\n\r\n<div id=\"\" class=\"plain-text block\">\r\n\r\n    <div class=\"site_width\">\r\n\r\n        \r\n            <div class=\"title_subtitle_combo\">\r\n                                    <h2 class=\"title\">\u00bfPor qu\u00e9 el Caf\u00e9 de l&#8217;Influence?<\/h2>\r\n                                            <\/div>\r\n\r\n        \r\n        <div class=\"cols _cols\">\r\n        <p style=\"text-align: center;\" align=\"center\"><strong>El Caf\u00e9 de l&#8217;Influence naci\u00f3 de la necesidad de crear un lugar de encuentro para profesionales del sector del influence marketing y las redes sociales.<\/strong><\/p>\n<p style=\"text-align: center;\" align=\"center\">Los \u00fanicos eventos que exist\u00edan en ese momento eran a menudo demasiado exclusivos (s\u00f3lo con invitaci\u00f3n), o dedicados a una sola parte de la comunidad (creadores o agencias).<\/p>\n<p style=\"text-align: center;\" align=\"center\">No exist\u00eda ning\u00fan evento que reuniese a todas las partes en un mismo lugar para intercambiaran ideas.<\/p>\n<p style=\"text-align: center;\" align=\"center\"><strong>Y sin embargo, con los \u00faltimos cambios legislativos, la necesidad de reunirse e intercambiar ideas para estructurar mejor el sector del influence es crucial.<\/strong><\/p>\n<p style=\"text-align: center;\" align=\"center\">Por eso el Caf\u00e9 de l&#8217;Influence ofrece un foro de intercambio y aprendizaje, con una mezcla de entrevistas y networking.<\/p>\n<p style=\"text-align: center;\" align=\"center\">Abierto a todos, el Caf\u00e9 de l&#8217;Influence acoge a agencias, creadores de contenidos, plataformas y marcas para romper la barrera de las pantallas y forjar v\u00ednculos duraderos.<\/p>\n        <\/div>\r\n\r\n                    <div class=\"cta_container\">\r\n                <a class=\"cta_button\" href=\"https:\/\/cafedelinfluence.com\/es\/subscripcion-newsletter\/\">\r\n                    Av\u00edsarme sobre los pr\u00f3ximos Caf\u00e9s                <\/a>\r\n            <\/div>\r\n                \r\n    <\/div>\r\n\r\n<\/div>","protected":false},"excerpt":{"rendered":"","protected":false},"author":2,"featured_media":0,"parent":0,"menu_order":0,"comment_status":"closed","ping_status":"closed","template":"","meta":{"_acf_changed":false,"inline_featured_image":false,"footnotes":""},"class_list":["post-1601","page","type-page","status-publish","hentry"],"acf":[],"_links":{"self":[{"href":"https:\/\/cafedelinfluence.com\/es\/wp-json\/wp\/v2\/pages\/1601","targetHints":{"allow":["GET"]}}],"collection":[{"href":"https:\/\/cafedelinfluence.com\/es\/wp-json\/wp\/v2\/pages"}],"about":[{"href":"https:\/\/cafedelinfluence.com\/es\/wp-json\/wp\/v2\/types\/page"}],"author":[{"embeddable":true,"href":"https:\/\/cafedelinfluence.com\/es\/wp-json\/wp\/v2\/users\/2"}],"replies":[{"embeddable":true,"href":"https:\/\/cafedelinfluence.com\/es\/wp-json\/wp\/v2\/comments?post=1601"}],"version-history":[{"count":12,"href":"https:\/\/cafedelinfluence.com\/es\/wp-json\/wp\/v2\/pages\/1601\/revisions"}],"predecessor-version":[{"id":1772,"href":"https:\/\/cafedelinfluence.com\/es\/wp-json\/wp\/v2\/pages\/1601\/revisions\/1772"}],"wp:attachment":[{"href":"https:\/\/cafedelinfluence.com\/es\/wp-json\/wp\/v2\/media?parent=1601"}],"curies":[{"name":"wp","href":"https:\/\/api.w.org\/{rel}","templated":true}]}}