{"id":1599,"date":"2023-10-23T10:01:22","date_gmt":"2023-10-23T10:01:22","guid":{"rendered":"https:\/\/cafedelinfluence.com\/devenir-sponsor\/"},"modified":"2023-12-18T15:45:29","modified_gmt":"2023-12-18T15:45:29","slug":"patrocinar","status":"publish","type":"page","link":"https:\/\/cafedelinfluence.com\/es\/patrocinar\/","title":{"rendered":"\u00bfPor qu\u00e9 patrocinar el Caf\u00e9 de l&#8217;influence?"},"content":{"rendered":"\r\n<div id=\"\" class=\"hero-banner-50-50 red_ctas block\">\r\n\r\n    <div class=\"site_width\">\r\n\r\n        <div class=\"columns\">\r\n\r\n                            <div class=\"text\">\r\n\r\n                    <div class=\"text_width\">\r\n\r\n                        <h1>El evento B2B l\u00edder del <strong>influence marketing y RRSS<\/strong><\/h1>\n<p>\u00a1Participa en el mayor evento sobre redes sociales e influencers para profesionales!<\/p>\n                        \r\n                        <div class=\"social_proof\">\r\n                            <div class=\"members\">\r\n                                                            <\/div>\r\n                            <div class=\"social_proof_text\">\r\n                                <a href=\"\">\r\n                                    <div class=\"stars\">\r\n                                        <img decoding=\"async\" class=\"base\" src=\"https:\/\/cafedelinfluence.com\/wp-content\/uploads\/2024\/04\/stars_base.svg\">\r\n                                        <div class=\"given four_point_five\"><img decoding=\"async\" src=\"https:\/\/cafedelinfluence.com\/wp-content\/uploads\/2024\/04\/stars_given.svg\"><\/div>\r\n                                    <\/div>\r\n                                                                    <\/a>\r\n                            <\/div>\r\n                        <\/div>\r\n\r\n                    <\/div>\r\n\r\n                <\/div>\r\n            \r\n                            <div class=\"images\">\r\n                                            <div class=\"image\"><img decoding=\"async\" src=\"https:\/\/cafedelinfluence.com\/wp-content\/uploads\/2022\/10\/Cafe-de-linfluence-Oct-22_48-463x600.jpg\"  srcset=\"https:\/\/cafedelinfluence.com\/wp-content\/uploads\/2022\/10\/Cafe-de-linfluence-Oct-22_48-309x400.jpg 309w, https:\/\/cafedelinfluence.com\/wp-content\/uploads\/2022\/10\/Cafe-de-linfluence-Oct-22_48-926x1200.jpg 926w, https:\/\/cafedelinfluence.com\/wp-content\/uploads\/2022\/10\/Cafe-de-linfluence-Oct-22_48-768x995.jpg 768w, https:\/\/cafedelinfluence.com\/wp-content\/uploads\/2022\/10\/Cafe-de-linfluence-Oct-22_48-1185x1536.jpg 1185w, https:\/\/cafedelinfluence.com\/wp-content\/uploads\/2022\/10\/Cafe-de-linfluence-Oct-22_48-1580x2048.jpg 1580w, https:\/\/cafedelinfluence.com\/wp-content\/uploads\/2022\/10\/Cafe-de-linfluence-Oct-22_48-1920x2488.jpg 1920w, https:\/\/cafedelinfluence.com\/wp-content\/uploads\/2022\/10\/Cafe-de-linfluence-Oct-22_48-463x600.jpg 463w, https:\/\/cafedelinfluence.com\/wp-content\/uploads\/2022\/10\/Cafe-de-linfluence-Oct-22_48-600x778.jpg 600w\" sizes=\"(min-width: 1800px) 600px, (min-width: 1300px) 300px, 150px\"><\/div>\r\n                                            <div class=\"image\"><img decoding=\"async\" src=\"https:\/\/cafedelinfluence.com\/wp-content\/uploads\/2022\/10\/Cafe-de-linfluence-Oct-22_62-600x483.jpg\"  srcset=\"https:\/\/cafedelinfluence.com\/wp-content\/uploads\/2022\/10\/Cafe-de-linfluence-Oct-22_62-400x322.jpg 400w, https:\/\/cafedelinfluence.com\/wp-content\/uploads\/2022\/10\/Cafe-de-linfluence-Oct-22_62-1200x966.jpg 1200w, https:\/\/cafedelinfluence.com\/wp-content\/uploads\/2022\/10\/Cafe-de-linfluence-Oct-22_62-768x618.jpg 768w, https:\/\/cafedelinfluence.com\/wp-content\/uploads\/2022\/10\/Cafe-de-linfluence-Oct-22_62-1536x1237.jpg 1536w, https:\/\/cafedelinfluence.com\/wp-content\/uploads\/2022\/10\/Cafe-de-linfluence-Oct-22_62-2048x1649.jpg 2048w, https:\/\/cafedelinfluence.com\/wp-content\/uploads\/2022\/10\/Cafe-de-linfluence-Oct-22_62-1920x1546.jpg 1920w, https:\/\/cafedelinfluence.com\/wp-content\/uploads\/2022\/10\/Cafe-de-linfluence-Oct-22_62-600x483.jpg 600w\" sizes=\"(min-width: 1800px) 600px, (min-width: 1300px) 300px, 150px\"><\/div>\r\n                                            <div class=\"image\"><img decoding=\"async\" src=\"https:\/\/cafedelinfluence.com\/wp-content\/uploads\/2022\/10\/Cafe-de-linfluence-Oct-22_02-400x600.jpg\"  srcset=\"https:\/\/cafedelinfluence.com\/wp-content\/uploads\/2022\/10\/Cafe-de-linfluence-Oct-22_02-267x400.jpg 267w, https:\/\/cafedelinfluence.com\/wp-content\/uploads\/2022\/10\/Cafe-de-linfluence-Oct-22_02-800x1200.jpg 800w, https:\/\/cafedelinfluence.com\/wp-content\/uploads\/2022\/10\/Cafe-de-linfluence-Oct-22_02-768x1152.jpg 768w, https:\/\/cafedelinfluence.com\/wp-content\/uploads\/2022\/10\/Cafe-de-linfluence-Oct-22_02-1024x1536.jpg 1024w, https:\/\/cafedelinfluence.com\/wp-content\/uploads\/2022\/10\/Cafe-de-linfluence-Oct-22_02-1365x2048.jpg 1365w, https:\/\/cafedelinfluence.com\/wp-content\/uploads\/2022\/10\/Cafe-de-linfluence-Oct-22_02-1920x2880.jpg 1920w, https:\/\/cafedelinfluence.com\/wp-content\/uploads\/2022\/10\/Cafe-de-linfluence-Oct-22_02-400x600.jpg 400w, https:\/\/cafedelinfluence.com\/wp-content\/uploads\/2022\/10\/Cafe-de-linfluence-Oct-22_02-600x900.jpg 600w\" sizes=\"(min-width: 1800px) 600px, (min-width: 1300px) 300px, 150px\"><\/div>\r\n                                            <div class=\"image\"><img decoding=\"async\" src=\"https:\/\/cafedelinfluence.com\/wp-content\/uploads\/2023\/06\/IMG_9568-400x600.jpg\"  srcset=\"https:\/\/cafedelinfluence.com\/wp-content\/uploads\/2023\/06\/IMG_9568-267x400.jpg 267w, https:\/\/cafedelinfluence.com\/wp-content\/uploads\/2023\/06\/IMG_9568-800x1200.jpg 800w, https:\/\/cafedelinfluence.com\/wp-content\/uploads\/2023\/06\/IMG_9568-768x1152.jpg 768w, https:\/\/cafedelinfluence.com\/wp-content\/uploads\/2023\/06\/IMG_9568-1024x1536.jpg 1024w, https:\/\/cafedelinfluence.com\/wp-content\/uploads\/2023\/06\/IMG_9568-1365x2048.jpg 1365w, https:\/\/cafedelinfluence.com\/wp-content\/uploads\/2023\/06\/IMG_9568-1920x2880.jpg 1920w, https:\/\/cafedelinfluence.com\/wp-content\/uploads\/2023\/06\/IMG_9568-400x600.jpg 400w, https:\/\/cafedelinfluence.com\/wp-content\/uploads\/2023\/06\/IMG_9568-600x900.jpg 600w\" sizes=\"(min-width: 1800px) 600px, (min-width: 1300px) 300px, 150px\"><\/div>\r\n                                            <div class=\"image\"><img decoding=\"async\" src=\"https:\/\/cafedelinfluence.com\/wp-content\/uploads\/2023\/06\/IMG_9567-600x397.jpg\"  srcset=\"https:\/\/cafedelinfluence.com\/wp-content\/uploads\/2023\/06\/IMG_9567-400x265.jpg 400w, https:\/\/cafedelinfluence.com\/wp-content\/uploads\/2023\/06\/IMG_9567-1200x794.jpg 1200w, https:\/\/cafedelinfluence.com\/wp-content\/uploads\/2023\/06\/IMG_9567-768x508.jpg 768w, https:\/\/cafedelinfluence.com\/wp-content\/uploads\/2023\/06\/IMG_9567-1536x1016.jpg 1536w, https:\/\/cafedelinfluence.com\/wp-content\/uploads\/2023\/06\/IMG_9567-2048x1354.jpg 2048w, https:\/\/cafedelinfluence.com\/wp-content\/uploads\/2023\/06\/IMG_9567-1920x1270.jpg 1920w, https:\/\/cafedelinfluence.com\/wp-content\/uploads\/2023\/06\/IMG_9567-600x397.jpg 600w\" sizes=\"(min-width: 1800px) 600px, (min-width: 1300px) 300px, 150px\"><\/div>\r\n                                            <div class=\"image\"><img decoding=\"async\" src=\"https:\/\/cafedelinfluence.com\/wp-content\/uploads\/2023\/06\/IMG_9616-600x400.jpg\"  srcset=\"https:\/\/cafedelinfluence.com\/wp-content\/uploads\/2023\/06\/IMG_9616-400x267.jpg 400w, https:\/\/cafedelinfluence.com\/wp-content\/uploads\/2023\/06\/IMG_9616-1200x800.jpg 1200w, https:\/\/cafedelinfluence.com\/wp-content\/uploads\/2023\/06\/IMG_9616-768x512.jpg 768w, https:\/\/cafedelinfluence.com\/wp-content\/uploads\/2023\/06\/IMG_9616-1536x1024.jpg 1536w, https:\/\/cafedelinfluence.com\/wp-content\/uploads\/2023\/06\/IMG_9616-2048x1365.jpg 2048w, https:\/\/cafedelinfluence.com\/wp-content\/uploads\/2023\/06\/IMG_9616-1920x1280.jpg 1920w, https:\/\/cafedelinfluence.com\/wp-content\/uploads\/2023\/06\/IMG_9616-600x400.jpg 600w\" sizes=\"(min-width: 1800px) 600px, (min-width: 1300px) 300px, 150px\"><\/div>\r\n                                    <\/div>\r\n            \r\n        <\/div>\r\n        \r\n    <\/div>\r\n\r\n<\/div>\n\n\r\n<div id=\"\" class=\"plain-text block\">\r\n\r\n    <div class=\"site_width\">\r\n\r\n        \r\n            <div class=\"title_subtitle_combo\">\r\n                                    <h2 class=\"title\">EL CAF\u00c9 EN CIFRAS<\/h2>\r\n                                            <\/div>\r\n\r\n        \r\n        <div class=\"cols _cols\">\r\n        <p style=\"text-align: center;\">El Caf\u00e9 de l&#8217;Influence es el principal evento para los profesionales del marketing digital, las redes sociales y del influence marketing.<\/p>\n<p style=\"text-align: center;\">Cada a\u00f1o, reunimos a cientos de profesionales para debatir sobre los principales problemas a los que se enfrenta el sector. Entre ellos se encuentran expertos de agencias, plataformas, redes sociales, marcas y creadores de contenidos.<\/p>\n<p style=\"text-align: center;\">En nuestra \u00faltima edici\u00f3n (octubre de 2023), <strong>reunimo a 4 redes sociales en 4 conferencias in\u00e9ditas: YouTube, TikTok, Snapchat y Pinterest.<\/strong><\/p>\n<p style=\"text-align: center;\">Solo las ver\u00e1s aqu\u00ed \ud83d\ude09<\/p>\n<p style=\"text-align: center;\">Nuestros encuentros pretenden reunir a todo el ecosistema B2B de redes sociales e influencers para debatir sobre los grandes temas del momento.<\/p>\n<p style=\"text-align: center;\">Nuestro objetivo es favorecer los encuentros, los intercambios y las colaboraciones.<\/p>\n<p>En dos a\u00f1os, ya hemos celebrado tres eventos con:<\/p>\n<p>\ud83d\udc49 m\u00e1s de 450 asistentes<\/p>\n<p>\ud83d\udc49 + 40 conferencias y talleres celebrados<\/p>\n<p>\ud83d\udc49 + 40 ponentes invitados<\/p>\n<p>\ud83d\udc49 + 10 acuerdos firmados<\/p>\n<p>\ud83d\udc49 + 200 caf\u00e9s compartidos<\/p>\n<p>\ud83d\udc49 6 patrocinadores<\/p>\n        <\/div>\r\n\r\n                \r\n    <\/div>\r\n\r\n<\/div>\n\n\n<div class=\"wp-block-columns is-layout-flex wp-container-core-columns-is-layout-9d6595d7 wp-block-columns-is-layout-flex\">\n<div class=\"wp-block-column is-layout-flow wp-block-column-is-layout-flow\">\n<div class=\"wp-block-columns is-layout-flex wp-container-core-columns-is-layout-9d6595d7 wp-block-columns-is-layout-flex\">\n<div class=\"wp-block-column is-layout-flow wp-block-column-is-layout-flow\" style=\"flex-basis:100%\">\n<figure class=\"wp-block-gallery has-nested-images columns-default is-cropped wp-block-gallery-1 is-layout-flex wp-block-gallery-is-layout-flex\">\n<figure class=\"wp-block-image size-large\"><img loading=\"lazy\" decoding=\"async\" width=\"692\" height=\"924\" data-id=\"1332\" src=\"https:\/\/cafedelinfluence.com\/wp-content\/uploads\/2023\/10\/Capture-decran-2023-10-23-a-11.42.13-2.jpg\" alt=\"\" class=\"wp-image-1332\" srcset=\"https:\/\/cafedelinfluence.com\/wp-content\/uploads\/2023\/10\/Capture-decran-2023-10-23-a-11.42.13-2.jpg 692w, https:\/\/cafedelinfluence.com\/wp-content\/uploads\/2023\/10\/Capture-decran-2023-10-23-a-11.42.13-2-300x400.jpg 300w, https:\/\/cafedelinfluence.com\/wp-content\/uploads\/2023\/10\/Capture-decran-2023-10-23-a-11.42.13-2-449x600.jpg 449w, https:\/\/cafedelinfluence.com\/wp-content\/uploads\/2023\/10\/Capture-decran-2023-10-23-a-11.42.13-2-600x801.jpg 600w\" sizes=\"auto, (max-width: 692px) 100vw, 692px\" \/><\/figure>\n<\/figure>\n<\/div>\n<\/div>\n<\/div>\n\n\n\n<div class=\"wp-block-column is-layout-flow wp-block-column-is-layout-flow\">\n<div class=\"wp-block-columns is-layout-flex wp-container-core-columns-is-layout-9d6595d7 wp-block-columns-is-layout-flex\">\n<div class=\"wp-block-column is-layout-flow wp-block-column-is-layout-flow\" style=\"flex-basis:100%\">\n<figure class=\"wp-block-gallery has-nested-images columns-default is-cropped wp-block-gallery-2 is-layout-flex wp-block-gallery-is-layout-flex\">\n<figure class=\"wp-block-image size-full\"><img loading=\"lazy\" decoding=\"async\" width=\"689\" height=\"927\" data-id=\"1336\" src=\"https:\/\/cafedelinfluence.com\/wp-content\/uploads\/2023\/10\/Capture-decran-2023-10-23-a-11.55.00.jpg\" alt=\"\" class=\"wp-image-1336\" srcset=\"https:\/\/cafedelinfluence.com\/wp-content\/uploads\/2023\/10\/Capture-decran-2023-10-23-a-11.55.00.jpg 689w, https:\/\/cafedelinfluence.com\/wp-content\/uploads\/2023\/10\/Capture-decran-2023-10-23-a-11.55.00-297x400.jpg 297w, https:\/\/cafedelinfluence.com\/wp-content\/uploads\/2023\/10\/Capture-decran-2023-10-23-a-11.55.00-446x600.jpg 446w, https:\/\/cafedelinfluence.com\/wp-content\/uploads\/2023\/10\/Capture-decran-2023-10-23-a-11.55.00-600x807.jpg 600w\" sizes=\"auto, (max-width: 689px) 100vw, 689px\" \/><\/figure>\n<\/figure>\n<\/div>\n<\/div>\n<\/div>\n<\/div>\n\n\n\r\n<div id=\"\" class=\"plain-text block\">\r\n\r\n    <div class=\"site_width\">\r\n\r\n        \r\n            <div class=\"title_subtitle_combo\">\r\n                                    <h2 class=\"title\">POR QU\u00c9 APOYARNOS<\/h2>\r\n                                            <\/div>\r\n\r\n        \r\n        <div class=\"cols _cols\">\r\n        <p>El Caf\u00e9 de l&#8217;influence crece cada a\u00f1o. Se ha convertido en la cita ineludible para todos los profesionales de las redes sociales y los influencers en Espa\u00f1a y en Francia. Es el \u00fanico evento que re\u00fane a todos estos expertos.<\/p>\n<p><strong><em>Es una oportunidad \u00fanica para compartir tus ofertas y conocimientos con nosotros, y para hablar con futuros clientes.<\/em><\/strong><\/p>\n<p>Al hacerte patrocinador, te garantizamos lo siguiente:<\/p>\n<ul>\n<li>Visibilidad entre nuestros participantes, en persona y en las redes sociales (una comunidad de m\u00e1s de 2.000 personas)<\/li>\n<li>Consolida tu imagen como experto en tu campo<\/li>\n<li>Oportunidad de conocer a clientes y socios potenciales<\/li>\n<li>La publicidad adecuada para darte a conocer<\/li>\n<li>Contribuir a profesionalizar el sector de la Creator Economy<\/li>\n<li>Forma parte de la educaci\u00f3n y el crecimiento del sector del marketing digital, influence marketing y RRSS<\/li>\n<\/ul>\n        <\/div>\r\n\r\n                    <div class=\"cta_container\">\r\n                <a class=\"cta_button\" href=\"mailto:contact@cafedelinfluence.com\">\r\n                    \u00bfTe interesa? \u00a1Contact\u00e1nos!                <\/a>\r\n            <\/div>\r\n                \r\n    <\/div>\r\n\r\n<\/div>\n\n<div class=\"wp-block-image\">\n<figure class=\"aligncenter size-large\"><img decoding=\"async\" src=\"https:\/\/cafedelinfluence.com\/wp-content\/uploads\/2023\/10\/youtube21-1024x768.jpg\" alt=\"\" class=\"wp-image-1339\"\/><\/figure>\n<\/div>\n\n\r\n<div id=\"sponsors\" class=\"sponsors block\">\r\n\r\n    <div class=\"site_width\">\r\n\r\n        \r\n            <div class=\"title_subtitle_combo\">\r\n                                    <h2 class=\"title\">Nos han patrocinado<\/h2>\r\n                                                    <div class=\"subtitle\">Descubre las empresas que nos apoyan desde el principio<\/div>\r\n                            <\/div>\r\n\r\n        \r\n                    <div class=\"all_sponsors \">\r\n                                    <div class=\"single_sponsor\">\r\n                        <div class=\"logo\">\r\n                            <div class=\"sizer\"><\/div>\r\n                            <img loading=\"lazy\" decoding=\"async\" width=\"1025\" height=\"247\" src=\"https:\/\/cafedelinfluence.com\/wp-content\/uploads\/2022\/07\/108-RGB-01.png\" class=\"attachment-post-thumbnail size-post-thumbnail wp-post-image\" alt=\"\" srcset=\"https:\/\/cafedelinfluence.com\/wp-content\/uploads\/2022\/07\/108-RGB-01.png 1025w, https:\/\/cafedelinfluence.com\/wp-content\/uploads\/2022\/07\/108-RGB-01-400x96.png 400w, https:\/\/cafedelinfluence.com\/wp-content\/uploads\/2022\/07\/108-RGB-01-768x185.png 768w, https:\/\/cafedelinfluence.com\/wp-content\/uploads\/2022\/07\/108-RGB-01-600x145.png 600w\" sizes=\"auto, (max-width: 1025px) 100vw, 1025px\" \/>                        <\/div>\r\n                        <div class=\"excerpt\">\r\n                            Plataforma de marketing de influencers para anunciantes basada en SaaS y agencias.                         <\/div>\r\n                        <div class=\"cta_container\">\r\n                            <a class=\"cta_button\" href=\"https:\/\/cafedelinfluence.com\/es\/sponsor\/influence4you\/\">\r\n                                <span class=\"anchor\">Saber m\u00e1s<\/span>\r\n                            <\/a>\r\n                        <\/div>\r\n                <\/div>\r\n                                    <div class=\"single_sponsor\">\r\n                        <div class=\"logo\">\r\n                            <div class=\"sizer\"><\/div>\r\n                            <img loading=\"lazy\" decoding=\"async\" width=\"500\" height=\"500\" src=\"https:\/\/cafedelinfluence.com\/wp-content\/uploads\/2022\/06\/L-G-I.png\" class=\"attachment-post-thumbnail size-post-thumbnail wp-post-image\" alt=\"\" srcset=\"https:\/\/cafedelinfluence.com\/wp-content\/uploads\/2022\/06\/L-G-I.png 500w, https:\/\/cafedelinfluence.com\/wp-content\/uploads\/2022\/06\/L-G-I-400x400.png 400w, https:\/\/cafedelinfluence.com\/wp-content\/uploads\/2022\/06\/L-G-I-150x150.png 150w, https:\/\/cafedelinfluence.com\/wp-content\/uploads\/2022\/06\/L-G-I-300x300.png 300w, https:\/\/cafedelinfluence.com\/wp-content\/uploads\/2022\/06\/L-G-I-100x100.png 100w\" sizes=\"auto, (max-width: 500px) 100vw, 500px\" \/>                        <\/div>\r\n                        <div class=\"excerpt\">\r\n                            El 1er medio de comunicaci\u00f3n  dedicado al influence marketing en Francia                        <\/div>\r\n                        <div class=\"cta_container\">\r\n                            <a class=\"cta_button\" href=\"https:\/\/cafedelinfluence.com\/es\/sponsor\/les-gens-dinternet\/\">\r\n                                <span class=\"anchor\">Saber m\u00e1s<\/span>\r\n                            <\/a>\r\n                        <\/div>\r\n                <\/div>\r\n                                    <div class=\"single_sponsor\">\r\n                        <div class=\"logo\">\r\n                            <div class=\"sizer\"><\/div>\r\n                            <img loading=\"lazy\" decoding=\"async\" width=\"340\" height=\"407\" src=\"https:\/\/cafedelinfluence.com\/wp-content\/uploads\/2023\/04\/Brandwatch_Logo_-_Box_White_Background-removebg-preview-e1684773293428.png\" class=\"attachment-post-thumbnail size-post-thumbnail wp-post-image\" alt=\"\" srcset=\"https:\/\/cafedelinfluence.com\/wp-content\/uploads\/2023\/04\/Brandwatch_Logo_-_Box_White_Background-removebg-preview-e1684773293428.png 340w, https:\/\/cafedelinfluence.com\/wp-content\/uploads\/2023\/04\/Brandwatch_Logo_-_Box_White_Background-removebg-preview-e1684773293428-334x400.png 334w\" sizes=\"auto, (max-width: 340px) 100vw, 340px\" \/>                        <\/div>\r\n                        <div class=\"excerpt\">\r\n                            La plataforma de escucha social para conocer mejor a su p\u00fablico y relacionarse con \u00e9l                        <\/div>\r\n                        <div class=\"cta_container\">\r\n                            <a class=\"cta_button\" href=\"https:\/\/cafedelinfluence.com\/es\/sponsor\/brandwatch\/\">\r\n                                <span class=\"anchor\">Saber m\u00e1s<\/span>\r\n                            <\/a>\r\n                        <\/div>\r\n                <\/div>\r\n                                    <div class=\"single_sponsor\">\r\n                        <div class=\"logo\">\r\n                            <div class=\"sizer\"><\/div>\r\n                            <img loading=\"lazy\" decoding=\"async\" width=\"290\" height=\"165\" src=\"https:\/\/cafedelinfluence.com\/wp-content\/uploads\/2022\/06\/wise-creative-agency-website-20.png\" class=\"attachment-post-thumbnail size-post-thumbnail wp-post-image\" alt=\"\" \/>                        <\/div>\r\n                        <div class=\"excerpt\">\r\n                            Agencia Web, SEO y Marketing con base en Barcelona                        <\/div>\r\n                        <div class=\"cta_container\">\r\n                            <a class=\"cta_button\" href=\"https:\/\/cafedelinfluence.com\/es\/sponsor\/wise-creative-agency\/\">\r\n                                <span class=\"anchor\">Saber m\u00e1s<\/span>\r\n                            <\/a>\r\n                        <\/div>\r\n                <\/div>\r\n                                    <div class=\"single_sponsor\">\r\n                        <div class=\"logo\">\r\n                            <div class=\"sizer\"><\/div>\r\n                            <img loading=\"lazy\" decoding=\"async\" width=\"972\" height=\"240\" src=\"https:\/\/cafedelinfluence.com\/wp-content\/uploads\/2023\/03\/Primary_RGB_Violet_PNG-1200px-e1684773406308.png\" class=\"attachment-post-thumbnail size-post-thumbnail wp-post-image\" alt=\"\" srcset=\"https:\/\/cafedelinfluence.com\/wp-content\/uploads\/2023\/03\/Primary_RGB_Violet_PNG-1200px-e1684773406308.png 972w, https:\/\/cafedelinfluence.com\/wp-content\/uploads\/2023\/03\/Primary_RGB_Violet_PNG-1200px-e1684773406308-400x99.png 400w, https:\/\/cafedelinfluence.com\/wp-content\/uploads\/2023\/03\/Primary_RGB_Violet_PNG-1200px-e1684773406308-768x190.png 768w, https:\/\/cafedelinfluence.com\/wp-content\/uploads\/2023\/03\/Primary_RGB_Violet_PNG-1200px-e1684773406308-600x148.png 600w\" sizes=\"auto, (max-width: 972px) 100vw, 972px\" \/>                        <\/div>\r\n                        <div class=\"excerpt\">\r\n                            La soluci\u00f3n de influence marketing data-driven                        <\/div>\r\n                        <div class=\"cta_container\">\r\n                            <a class=\"cta_button\" href=\"https:\/\/cafedelinfluence.com\/es\/sponsor\/traackr\/\">\r\n                                <span class=\"anchor\">Saber m\u00e1s<\/span>\r\n                            <\/a>\r\n                        <\/div>\r\n                <\/div>\r\n                                    <div class=\"single_sponsor\">\r\n                        <div class=\"logo\">\r\n                            <div class=\"sizer\"><\/div>\r\n                            <img loading=\"lazy\" decoding=\"async\" width=\"1920\" height=\"470\" src=\"https:\/\/cafedelinfluence.com\/wp-content\/uploads\/2023\/06\/Social-Eye-Logo-14.png\" class=\"attachment-post-thumbnail size-post-thumbnail wp-post-image\" alt=\"\" srcset=\"https:\/\/cafedelinfluence.com\/wp-content\/uploads\/2023\/06\/Social-Eye-Logo-14.png 1920w, https:\/\/cafedelinfluence.com\/wp-content\/uploads\/2023\/06\/Social-Eye-Logo-14-400x98.png 400w, https:\/\/cafedelinfluence.com\/wp-content\/uploads\/2023\/06\/Social-Eye-Logo-14-1200x294.png 1200w, https:\/\/cafedelinfluence.com\/wp-content\/uploads\/2023\/06\/Social-Eye-Logo-14-768x188.png 768w, https:\/\/cafedelinfluence.com\/wp-content\/uploads\/2023\/06\/Social-Eye-Logo-14-1536x376.png 1536w, https:\/\/cafedelinfluence.com\/wp-content\/uploads\/2023\/06\/Social-Eye-Logo-14-600x147.png 600w\" sizes=\"auto, (max-width: 1920px) 100vw, 1920px\" \/>                        <\/div>\r\n                        <div class=\"excerpt\">\r\n                            El primer seguro para creadores de contenidos en Francia                        <\/div>\r\n                        <div class=\"cta_container\">\r\n                            <a class=\"cta_button\" href=\"https:\/\/cafedelinfluence.com\/es\/sponsor\/social-eye\/\">\r\n                                <span class=\"anchor\">Saber m\u00e1s<\/span>\r\n                            <\/a>\r\n                        <\/div>\r\n                <\/div>\r\n                                    <div class=\"single_sponsor\">\r\n                        <div class=\"logo\">\r\n                            <div class=\"sizer\"><\/div>\r\n                            <img loading=\"lazy\" decoding=\"async\" width=\"622\" height=\"288\" src=\"https:\/\/cafedelinfluence.com\/wp-content\/uploads\/2022\/06\/Logo-ffollozz-groupe-IGS-carre\u0301-vectorise\u0301.png\" class=\"attachment-post-thumbnail size-post-thumbnail wp-post-image\" alt=\"\" srcset=\"https:\/\/cafedelinfluence.com\/wp-content\/uploads\/2022\/06\/Logo-ffollozz-groupe-IGS-carre\u0301-vectorise\u0301.png 622w, https:\/\/cafedelinfluence.com\/wp-content\/uploads\/2022\/06\/Logo-ffollozz-groupe-IGS-carre\u0301-vectorise\u0301-400x185.png 400w, https:\/\/cafedelinfluence.com\/wp-content\/uploads\/2022\/06\/Logo-ffollozz-groupe-IGS-carre\u0301-vectorise\u0301-600x278.png 600w\" sizes=\"auto, (max-width: 622px) 100vw, 622px\" \/>                        <\/div>\r\n                        <div class=\"excerpt\">\r\n                            ffollozz, primera escuela del influence marketing en Francia                        <\/div>\r\n                        <div class=\"cta_container\">\r\n                            <a class=\"cta_button\" href=\"https:\/\/cafedelinfluence.com\/es\/sponsor\/ffollozz\/\">\r\n                                <span class=\"anchor\">Saber m\u00e1s<\/span>\r\n                            <\/a>\r\n                        <\/div>\r\n                <\/div>\r\n                            <\/div>\r\n        \r\n                    <div class=\"cta_container\">\r\n                <a class=\"cta_button\" href=\"mailto:contact@cafedelinfluence.com\">\r\n                    <span class=\"anchor\">\u00a1Tu tambi\u00e9n puedes formar parte!<\/span>\r\n                <\/a>\r\n            <\/div>\r\n                \r\n    <\/div>\r\n\r\n<\/div>","protected":false},"excerpt":{"rendered":"","protected":false},"author":3,"featured_media":0,"parent":0,"menu_order":0,"comment_status":"closed","ping_status":"closed","template":"","meta":{"_acf_changed":false,"inline_featured_image":false,"footnotes":""},"class_list":["post-1599","page","type-page","status-publish","hentry"],"acf":[],"_links":{"self":[{"href":"https:\/\/cafedelinfluence.com\/es\/wp-json\/wp\/v2\/pages\/1599","targetHints":{"allow":["GET"]}}],"collection":[{"href":"https:\/\/cafedelinfluence.com\/es\/wp-json\/wp\/v2\/pages"}],"about":[{"href":"https:\/\/cafedelinfluence.com\/es\/wp-json\/wp\/v2\/types\/page"}],"author":[{"embeddable":true,"href":"https:\/\/cafedelinfluence.com\/es\/wp-json\/wp\/v2\/users\/3"}],"replies":[{"embeddable":true,"href":"https:\/\/cafedelinfluence.com\/es\/wp-json\/wp\/v2\/comments?post=1599"}],"version-history":[{"count":12,"href":"https:\/\/cafedelinfluence.com\/es\/wp-json\/wp\/v2\/pages\/1599\/revisions"}],"predecessor-version":[{"id":1750,"href":"https:\/\/cafedelinfluence.com\/es\/wp-json\/wp\/v2\/pages\/1599\/revisions\/1750"}],"wp:attachment":[{"href":"https:\/\/cafedelinfluence.com\/es\/wp-json\/wp\/v2\/media?parent=1599"}],"curies":[{"name":"wp","href":"https:\/\/api.w.org\/{rel}","templated":true}]}}